{"id":27,"date":"2019-03-11T12:18:59","date_gmt":"2019-03-11T11:18:59","guid":{"rendered":"https:\/\/www.charlottenbogen.de\/?page_id=27"},"modified":"2022-07-22T12:16:08","modified_gmt":"2022-07-22T10:16:08","slug":"impressum","status":"publish","type":"page","link":"https:\/\/www.charlottenbogen.de\/en\/impressum\/","title":{"rendered":"Imprint"},"content":{"rendered":"\n<div class=\"wp-block-impuls-additional-containers-section  has-no-text-color has-no-background-color has-no-background-image\" style=\"background-image:none\"><div class=\"InnerContent\">\n<h2 class=\"wp-block-heading\">Imprint<\/h2>\n\n\n\n<p>AMAG Bauten GmbH<br>Kaiserin-Augusta-Allee 85<br>10589 Berlin<\/p>\n\n\n\n<p>Managing director and responsible for content:&nbsp;<br>Bernhard Faber<\/p>\n\n\n\n<p>E-Mail: <a href=\"mailto:info@amag-bauten.de\">info@amag-bauten.de<\/a><\/p>\n\n\n\n<p>Amtsgericht Berlin Charlottenburg, HRB 135059<br>USt-Id-Nr. DE278448198<\/p>\n\n\n\n<hr class=\"wp-block-separator\"\/>\n\n\n\n<h3 class=\"wp-block-heading\">Marketing, design, website<\/h3>\n\n\n\n<p>HUisHU. Digitale Kreativagentur, Hannover und Hamburg<br><a href=\"http:\/\/www.huishu-agentur.de\" target=\"_blank\" rel=\"noreferrer noopener\">www.huishu-agentur.de<\/a><\/p>\n\n\n\n<hr class=\"wp-block-separator\"\/>\n\n\n\n<h3 class=\"wp-block-heading\">Picture credits<\/h3>\n\n\n\n<p>Icons made by <a href=\"https:\/\/www.flaticon.com\/authors\/google\">Google<\/a> from <a href=\"https:\/\/www.flaticon.com\/\">www.flaticon.com<\/a> is licensed by <a rel=\"noreferrer noopener\" href=\"http:\/\/creativecommons.org\/licenses\/by\/3.0\/\" target=\"_blank\">CC 3.0 BY<\/a><br>Icons made by <a href=\"https:\/\/www.flaticon.com\/authors\/balraj-chana\">Balraj Chana<\/a> from <a href=\"https:\/\/www.flaticon.com\/\">www.flaticon.com<\/a> is licensed by <a rel=\"noreferrer noopener\" href=\"http:\/\/creativecommons.org\/licenses\/by\/3.0\/\" target=\"_blank\">CC 3.0 BY<\/a><br>Icons made by <a href=\"https:\/\/www.flaticon.com\/authors\/smashicons\">Smashicons<\/a> from <a href=\"https:\/\/www.flaticon.com\/\">www.flaticon.com<\/a> is licensed by <a rel=\"noreferrer noopener\" href=\"http:\/\/creativecommons.org\/licenses\/by\/3.0\/\" target=\"_blank\">CC 3.0 BY<\/a><br>Icons made by <a href=\"https:\/\/www.flaticon.com\/authors\/good-ware\">Good Ware<\/a> from <a href=\"https:\/\/www.flaticon.com\/\">www.flaticon.com<\/a> is licensed by <a rel=\"noreferrer noopener\" href=\"http:\/\/creativecommons.org\/licenses\/by\/3.0\/\" target=\"_blank\">CC 3.0 BY<\/a><br>Icons made by <a href=\"https:\/\/www.freepik.com\/\">Freepik<\/a> from <a href=\"https:\/\/www.flaticon.com\/\">www.flaticon.com<\/a> is licensed by <a rel=\"noreferrer noopener\" href=\"http:\/\/creativecommons.org\/licenses\/by\/3.0\/\" target=\"_blank\">CC 3.0 BY<\/a><br>Icons made by <a href=\"https:\/\/www.flaticon.com\/authors\/pixel-perfect\">Pixel perfect<\/a> from <a href=\"https:\/\/www.flaticon.com\/\">www.flaticon.com<\/a> is licensed by <a rel=\"noreferrer noopener\" href=\"http:\/\/creativecommons.org\/licenses\/by\/3.0\/\" target=\"_blank\">CC 3.0 BY<\/a><br>Icons made by <a href=\"https:\/\/www.flaticon.com\/authors\/elegant-themes\">Elegant Themes<\/a> from <a href=\"https:\/\/www.flaticon.com\/\">www.flaticon.com<\/a> is licensed by <a rel=\"noreferrer noopener\" href=\"http:\/\/creativecommons.org\/licenses\/by\/3.0\/\" target=\"_blank\">CC 3.0 BY<\/a><br>Icons made by <a href=\"https:\/\/www.flaticon.com\/authors\/designerz-base\">Designerz Base<\/a> from <a href=\"https:\/\/www.flaticon.com\/\">www.flaticon.com<\/a> is licensed by <a rel=\"noreferrer noopener\" href=\"http:\/\/creativecommons.org\/licenses\/by\/3.0\/\" target=\"_blank\">CC 3.0 BY<\/a><br>Icons made by <a href=\"https:\/\/www.flaticon.com\/authors\/kiranshastry\">Kiranshastry<\/a> from <a href=\"https:\/\/www.flaticon.com\/\">www.flaticon.com<\/a> is licensed by <a rel=\"noreferrer noopener\" href=\"http:\/\/creativecommons.org\/licenses\/by\/3.0\/\" target=\"_blank\">CC 3.0 BY<\/a><br>Icons made by <a href=\"https:\/\/www.flaticon.com\/authors\/simpleicon\">SimpleIcon<\/a> from <a href=\"https:\/\/www.flaticon.com\/\">www.flaticon.com<\/a><\/p>\n\n\n\n<p>Visualizations: begehungen.de<\/p>\n\n\n\n<p>We would like to thank the companies&nbsp;<a rel=\"noreferrer noopener\" aria-label=\" (opens in a new tab)\" href=\"https:\/\/pro.villeroy-boch.com\/de\/de\/home.html\" target=\"_blank\">Villeroy &#038; Boch AG<\/a>, <a rel=\"noreferrer noopener\" aria-label=\"Bauwerk Parkett AG (opens in a new tab)\" href=\"https:\/\/www.bauwerk-parkett.com\/\" target=\"_blank\">Bauwerk Parkett AG<\/a> und <a rel=\"noreferrer noopener\" aria-label=\"GROHE (opens in a new tab)\" href=\"https:\/\/www.grohe.de\/de_de\/\" target=\"_blank\">GROHE<\/a> <a rel=\"noreferrer noopener\" href=\"https:\/\/www.grohe.de\/de_de\/\" target=\"_blank\">for<\/a>&nbsp;permission to use their pictures.<\/p>\n\n\n\n<p>Berlin \u2013 Stockfoto | #962791094 | \u00a9 Nilay Singh | <a rel=\"noreferrer noopener\" aria-label=\"istockphoto.com (opens in a new tab)\" href=\"https:\/\/www.istockphoto.com\/de\" target=\"_blank\">istockphoto.com<\/a><br>Der Sonne und so ist meine Stimmung \u2013 Stockfoto | #911999972 | \u00a9 gradyreese | <a rel=\"noreferrer noopener\" aria-label=\"istockphoto.com (opens in a new tab)\" href=\"https:\/\/www.istockphoto.com\/de\" target=\"_blank\">istockphoto.com<\/a><br>Berlin Spree \u2013 Stockfoto | #464190537 | \u00a9 querbeet | <a rel=\"noreferrer noopener\" aria-label=\"istockphoto.com (opens in a new tab)\" href=\"https:\/\/www.istockphoto.com\/de\" target=\"_blank\">istockphoto.com<\/a><br>Datum im park (Berlin) \u2013 Stockfoto | #179495276 | \u00a9 Brzozowska | <a rel=\"noreferrer noopener\" aria-label=\"istockphoto.com (opens in a new tab)\" href=\"https:\/\/www.istockphoto.com\/de\" target=\"_blank\">istockphoto.com<\/a><br>Morgen zusammen gebucht \u2013 Stockfoto | #870770786 | \u00a9 AleksandarNakic | <a rel=\"noreferrer noopener\" aria-label=\"istockphoto.com (opens in a new tab)\" href=\"https:\/\/www.istockphoto.com\/de\" target=\"_blank\">istockphoto.com<\/a><br>Korb voller Gesundheit \u2013 Stockfoto | #692515940 | \u00a9 hobo_018 | <a rel=\"noreferrer noopener\" aria-label=\"istockphoto.com (opens in a new tab)\" href=\"https:\/\/www.istockphoto.com\/de\" target=\"_blank\">istockphoto.com<\/a><br>\u00c4ltere Mann h\u00e4lt eine Tasse Kaffee in der K\u00fcche. \u2013 Stockfoto | #906772736 | \u00a9 Halfpoint | <a rel=\"noreferrer noopener\" aria-label=\"istockphoto.com (opens in a new tab)\" href=\"https:\/\/www.istockphoto.com\/de\" target=\"_blank\">istockphoto.com<\/a><br>Kaffee und Kuchen auf dem Tisch in einem Caf\u00e9 in der Innenstadt von London \u2013 Stockfoto | #925905464 | \u00a9 lechatnoir | <a rel=\"noreferrer noopener\" aria-label=\"istockphoto.com (opens in a new tab)\" href=\"https:\/\/www.istockphoto.com\/de\" target=\"_blank\">istockphoto.com<\/a><br>Freunde, die Zubereitung von Speisen in der K\u00fcche \u2013 Stockfoto | #875290974 | \u00a9 Nikada | <a rel=\"noreferrer noopener\" aria-label=\"istockphoto.com (opens in a new tab)\" href=\"https:\/\/www.istockphoto.com\/de\" target=\"_blank\">istockphoto.com<\/a><br>Farmers Market Shopping Frau reiferen Alters \u2013 Stockfoto | #672637588 | \u00a9 RyanJLane | <a rel=\"noreferrer noopener\" aria-label=\"istockphoto.com (opens in a new tab)\" href=\"https:\/\/www.istockphoto.com\/de\" target=\"_blank\">istockphoto.com<\/a><br>Junge Gesch\u00e4ftsfrau mit Tablet-Computer \u2013 Stockfoto | #171268901 | \u00a9 Thomas_EyeDesign | <a rel=\"noreferrer noopener\" aria-label=\"istockphoto.com (opens in a new tab)\" href=\"https:\/\/www.istockphoto.com\/de\" target=\"_blank\">istockphoto.com<\/a><br>Portr\u00e4t l\u00e4chelnden Jungen blond Frau im st\u00e4dtischen Hintergrund \u2013 Stockfoto | #543444292 | \u00a9 fotografixx | <a rel=\"noreferrer noopener\" aria-label=\"istockphoto.com (opens in a new tab)\" href=\"https:\/\/www.istockphoto.com\/de\" target=\"_blank\">istockphoto.com<\/a><br>Junger Freunde trinken Kaffee in der Stadt \u2013 Stockfoto | #482746041 | \u00a9 Csondy | <a rel=\"noreferrer noopener\" aria-label=\"istockphoto.com (opens in a new tab)\" href=\"https:\/\/www.istockphoto.com\/de\" target=\"_blank\">istockphoto.com<\/a><br>Motion verschwommene Berlin Stra\u00dfenbahn \u2013 Stockfoto | #175520058 | \u00a9 olaser | <a rel=\"noreferrer noopener\" aria-label=\"istockphoto.com (opens in a new tab)\" href=\"https:\/\/www.istockphoto.com\/de\" target=\"_blank\">istockphoto.com<\/a><br>Berlin Spree \u2013 Stockfoto | #509371592 | \u00a9 querbeet | <a rel=\"noreferrer noopener\" aria-label=\"istockphoto.com (opens in a new tab)\" href=\"https:\/\/www.istockphoto.com\/de\" target=\"_blank\">istockphoto.com<\/a><br>Berlin, Deutschland, Schloss Charlottenburg \u2013 Stockfoto | #166074134 | \u00a9 benedek | <a rel=\"noreferrer noopener\" aria-label=\"istockphoto.com (opens in a new tab)\" href=\"https:\/\/www.istockphoto.com\/de\" target=\"_blank\">istockphoto.com<\/a><\/p>\n\n\n\n<p>L\u00e4chelnden mann, tragen, frau, huckepack reiten Stock Bild | #fmkf001953 | \u00a9 WestEnd61 | <a rel=\"noreferrer noopener\" aria-label=\"fotosearch.de (opens in a new tab)\" href=\"https:\/\/www.fotosearch.de\/\" target=\"_blank\">fotosearch.de<\/a><br>Suchen Sie auf der oberen Etage Jungen \u2013 Stockfoto | #106420520 | \u00a9 SergiyN | <a rel=\"noreferrer noopener\" href=\"https:\/\/www.istockphoto.com\/de\" target=\"_blank\">istockphoto.com<\/a><br>Zwei Frauen Einkaufen zusammen \u2013 Stockfoto | #171257949 | \u00a9 Thomas_EyeDesign | <a rel=\"noreferrer noopener\" href=\"https:\/\/www.istockphoto.com\/de\" target=\"_blank\">istockphoto.com<\/a><br>Schloss Charlottenburg in Berlin, Deutschland \u2013 Stockfoto | #464847264 | \u00a9 Nellmac | <a rel=\"noreferrer noopener\" href=\"https:\/\/www.istockphoto.com\/de\" target=\"_blank\">istockphoto.com<\/a><br>Atmen Sie die frische Luft \u2013 Stockfoto | #498399345 | \u00a9 PeopleImages | <a rel=\"noreferrer noopener\" href=\"https:\/\/www.istockphoto.com\/de\" target=\"_blank\">istockphoto.com<\/a><br>Eine Gruppe von jungen Freunden treffen in einem Caf\u00e9 \u2013 Stockfoto | #511584080 | \u00a9 jacoblund | <a rel=\"noreferrer noopener\" href=\"https:\/\/www.istockphoto.com\/de\" target=\"_blank\">istockphoto.com<\/a><br>Kleine Junge in wagon, verschoben und die von Freunden \u2013 Stockfoto | #516415766 | \u00a9 wundervisuals | <a rel=\"noreferrer noopener\" href=\"https:\/\/www.istockphoto.com\/de\" target=\"_blank\">istockphoto.com<\/a><br>Erde Digger Fahrer \u2013 Stockfoto | #531265801 | \u00a9 GregorBister | <a rel=\"noreferrer noopener\" href=\"https:\/\/www.istockphoto.com\/de\" target=\"_blank\">istockphoto.com<\/a><br>Bau &#8211; Bagger arbeiten auf der Baustelle am sonnigen Tag \u2013 Stockfoto | #900580808 | \u00a9 amriphoto | <a rel=\"noreferrer noopener\" href=\"https:\/\/www.istockphoto.com\/de\" target=\"_blank\">istockphoto.com<\/a><br>Elektroauto-Ladeger\u00e4t \u2013 Stockfoto | #945550422 | \u00a9 EXTREME-PHOTOGRAPHER | <a rel=\"noreferrer noopener\" href=\"https:\/\/www.istockphoto.com\/de\" target=\"_blank\">istockphoto.com<\/a><br>Familienfeier oder eine Grillparty drau\u00dfen im Hinterhof. \u2013 Stockfoto | #966953350 | \u00a9 Halfpoint | <a rel=\"noreferrer noopener\" href=\"https:\/\/www.istockphoto.com\/de\" target=\"_blank\">istockphoto.com<\/a><br>Aufgeregten Kinder nach Hause mit den Eltern \u2013 Stockfoto | #670900812 | \u00a9 monkeybusinessimages | <a rel=\"noreferrer noopener\" href=\"https:\/\/www.istockphoto.com\/de\" target=\"_blank\">istockphoto.com<\/a><br>Skillful saleswoman selling stones for interior \u2013 Stockfoto | #638697148 | \u00a9 YakobchukOlena | <a rel=\"noreferrer noopener\" href=\"https:\/\/www.istockphoto.com\/de\" target=\"_blank\">istockphoto.com<\/a><br>Project discussion in pleasant atmosphere \u2013 Stockfoto | #656152076 | \u00a9 shironosov | <a rel=\"noreferrer noopener\" href=\"https:\/\/www.istockphoto.com\/de\" target=\"_blank\">istockphoto.com<\/a><\/p>\n\n\n\n<p>Germany-map-and-map-points | <a rel=\"noreferrer noopener\" aria-label=\"Background  vector created by freepik - www.freepik.com (opens in a new tab)\" href=\"https:\/\/www.freepik.com\/free-photos-vectors\/background\" target=\"_blank\">Background  vector created by freepik &#8211; www.freepik.com<\/a>          <\/p>\n\n\n\n<p>Sophie Charlotte von Hannover | \u00a9 No\u00ebl Jouvenet [Public domain], <a href=\"https:\/\/commons.wikimedia.org\/wiki\/File:Sophie_Charlotte_von_Hannover.jpg\">via Wikimedia Commons<\/a><br>1849 \u201eDrehen zu Beginn\u201c am Beispiel der Maschinenbauanstalt Maffei. | \u00a9 Leipziger Illustrierte Zeitung [Public domain], <a href=\"https:\/\/commons.wikimedia.org\/wiki\/File:1849_%E2%80%9EDrehen_zu_Beginn%E2%80%9C_am_Beispiel_der_Maschinenbauanstalt_Maffei..jpg\">via Wikimedia Commons<\/a><br>Siemens Drehstromtriebwagen01 | \u00a9 See page for author [Public domain], <a href=\"https:\/\/commons.wikimedia.org\/wiki\/File:Siemens_Drehstromtriebwagen01.jpg\">via Wikimedia Commons<\/a><br>Berlin AEG Turbinenfabrik | \u00a9 Doris Antony, Berlin [<a href=\"https:\/\/creativecommons.org\/licenses\/by-sa\/3.0\">CC BY-SA 3.0<\/a>], <a href=\"https:\/\/commons.wikimedia.org\/wiki\/File:Berlin_AEG_Turbinenfabrik.jpg\">via Wikimedia Commons<\/a><br>Bundesarchiv Bild 183-H26865, Berlin, Busdepot der ABOAG | \u00a9 Bundesarchiv, Bild 183-H26865 \/ CC-BY-SA 3.0 [<a href=\"https:\/\/creativecommons.org\/licenses\/by-sa\/3.0\/de\/deed.en\">CC BY-SA 3.0 de<\/a>], <a href=\"https:\/\/commons.wikimedia.org\/wiki\/File:Bundesarchiv_Bild_183-H26865,_Berlin,_Busdepot_der_ABOAG.jpg\">via Wikimedia Commons<\/a><br>Treckschutt (Danzig) | \u00a9 Daniel Chodowiecki [Public domain], <a href=\"https:\/\/commons.wikimedia.org\/wiki\/File:Treckschutt_(Danzig).jpg\">via Wikimedia Commons<\/a><\/p>\n\n\n\n<hr class=\"wp-block-separator\"\/>\n\n\n\n<h3 class=\"wp-block-heading\">Disclaimer<\/h3>\n\n\n\n<p>The author accepts no responsibility for the topicality, correctness,&nbsp;completeness&nbsp;or quality of the information provided. Liability claims against the author, which refer to material or non-material damages, which have been caused by the use or non-use of the information provided or by the use of incorrect and incomplete information, are excluded in principle, provided that there is no demonstrable intentional or grossly negligent fault on the part of the author. All offers are subject to change and non-binding. The author expressly reserves the right to change, supplement or delete parts of the pages or the entire offer without separate announcement or to discontinue the publication temporarily or permanently.&nbsp;<\/p>\n\n\n\n<hr class=\"wp-block-separator\"\/>\n\n\n\n<h3 class=\"wp-block-heading\">Note on external links&nbsp;<\/h3>\n\n\n\n<p>As far as this website links to other websites, we point out that we have no influence on the design and content of the linked pages and that we do not adopt their content as our own. This applies to all external links on this site. For linked pages, it applies that illegal contents were not recognizable at the time of linking. The links are regularly checked for illegal content and in the event of legal infringements they are removed immediately. This statement applies to all links and references set within the author&#8217;s own Internet offer as well as to external entries in guest books, discussion forums and mailing lists set up by the author. For illegal, incorrect or incomplete contents and in particular for damages resulting from the use or non-use of such information, the provider of the page to which reference is made shall be solely liable, not the person who merely refers to the respective publication via links.&nbsp;<\/p>\n\n\n\n<hr class=\"wp-block-separator\"\/>\n\n\n\n<h3 class=\"wp-block-heading\">Copyright<\/h3>\n\n\n\n<p>The author&nbsp;endeavors&nbsp;to observe the copyrights of the graphics, sound documents, video sequences and texts used in all publications, to use graphics, sound documents, video sequences and texts created by himself or to use&nbsp;license-free graphics, sound documents, video sequences and texts. All brand names and trademarks mentioned within the Internet offer and, if applicable, protected by third parties are subject without restriction to the&nbsp;provisions of the respectively valid trademark law and the ownership rights of the respective registered owners. The mere mention of a trademark does not imply that it is not protected by the rights of third parties! The copyright for published objects created by the author himself remains solely with the author of the pages. Any duplication or use of objects such as diagrams,&nbsp;sounds&nbsp;or texts in other electronic or printed publications is not permitted without the author&#8217;s agreement.&nbsp;<\/p>\n\n\n\n<hr class=\"wp-block-separator\"\/>\n\n\n\n<h3 class=\"wp-block-heading\">Legal validity of this disclaimer&nbsp;<\/h3>\n\n\n\n<p>This disclaimer is to be regarded as part of the internet publication which you were referred from. If sections or individual terms of this statement are not legal or correct, the content or validity of the other parts remain uninfluenced by this fact.&nbsp;<\/p>\n<\/div><\/div>\n","protected":false},"excerpt":{"rendered":"","protected":false},"author":1,"featured_media":859,"parent":0,"menu_order":998,"comment_status":"closed","ping_status":"closed","template":"","meta":{"ghostkit_customizer_options":"","ghostkit_custom_css":"","ghostkit_custom_js_head":"","ghostkit_custom_js_foot":"","ghostkit_typography":"","footnotes":""},"class_list":["post-27","page","type-page","status-publish","has-post-thumbnail","hentry","gallery-content-unit"],"_links":{"self":[{"href":"https:\/\/www.charlottenbogen.de\/en\/wp-json\/wp\/v2\/pages\/27","targetHints":{"allow":["GET"]}}],"collection":[{"href":"https:\/\/www.charlottenbogen.de\/en\/wp-json\/wp\/v2\/pages"}],"about":[{"href":"https:\/\/www.charlottenbogen.de\/en\/wp-json\/wp\/v2\/types\/page"}],"author":[{"embeddable":true,"href":"https:\/\/www.charlottenbogen.de\/en\/wp-json\/wp\/v2\/users\/1"}],"replies":[{"embeddable":true,"href":"https:\/\/www.charlottenbogen.de\/en\/wp-json\/wp\/v2\/comments?post=27"}],"version-history":[{"count":56,"href":"https:\/\/www.charlottenbogen.de\/en\/wp-json\/wp\/v2\/pages\/27\/revisions"}],"predecessor-version":[{"id":4166,"href":"https:\/\/www.charlottenbogen.de\/en\/wp-json\/wp\/v2\/pages\/27\/revisions\/4166"}],"wp:featuredmedia":[{"embeddable":true,"href":"https:\/\/www.charlottenbogen.de\/en\/wp-json\/wp\/v2\/media\/859"}],"wp:attachment":[{"href":"https:\/\/www.charlottenbogen.de\/en\/wp-json\/wp\/v2\/media?parent=27"}],"curies":[{"name":"wp","href":"https:\/\/api.w.org\/{rel}","templated":true}]}}